{"id":717,"date":"2016-05-03T11:04:31","date_gmt":"2016-05-03T11:04:31","guid":{"rendered":"https:\/\/www.masymasmadera.es\/?page_id=717"},"modified":"2016-05-10T09:15:02","modified_gmt":"2016-05-10T09:15:02","slug":"aviso-legal","status":"publish","type":"page","link":"https:\/\/www.masymasmadera.es\/?page_id=717","title":{"rendered":"Aviso Legal"},"content":{"rendered":"<p style=\"text-align: center;\"><strong><em>&#8211; AVISO LEGAL\u00a0&#8211;<\/em><\/strong><\/p>\n<p style=\"text-align: justify;\"><strong>Informaci\u00f3n y contenidos del web.<br \/>\n<\/strong>El texto, los gr\u00e1ficos, las fotograf\u00edas, los distintos documentos y programas inform\u00e1ticos del web de M\u00e1s y M\u00e1s madera, en definitiva, su contenido, podr\u00e1 ser modificado o cambiado en cualquier momento sin previo aviso. La web de M\u00e1s y M\u00e1s madera es el medio on-line para la exposici\u00f3n visual de los productos que construye y\/o distribuye.<br \/>\n<strong>Derechos de propiedad intelectual e industrial.<\/strong><br \/>\nM\u00e1s y M\u00e1s madera es titular de todos los derechos de la propiedad intelectual e industrial de esta p\u00e1gina web. Estos derechos protegen los dise\u00f1os gr\u00e1ficos, el c\u00f3digo fuente de programaci\u00f3n y el resto de elementos del web. Quedan expresamente excluidos los programas inform\u00e1ticos que mediante el web se pueden obtener o de la informaci\u00f3n que se enlaza a webs externas a la de M\u00e1s y M\u00e1s madera.<br \/>\nSe autoriza la actividad de descargar y almacenar en el disco duro del usuario del web la informaci\u00f3n contenida y que es propiedad de M\u00e1syM\u00e1smadera siempre que \u00e9sta no se modifique, distribuya (sea cual sea el medio), reutilicen, copien (sea cual sea el medio) plagien, etc. Para fines de car\u00e1cter p\u00fablico o comercial sin la autorizaci\u00f3n por escrito de M\u00e1s y M\u00e1s madera.<br \/>\nLas actuaciones que vulneren las disposiciones anteriormente descritas pueden constituir un delito contra los derechos de la propiedad intelectual e industrial protegidos por la Ley de la Propiedad Intelectual dando lugar a delitos tipificados en el vigente C\u00f3digo Penal.<br \/>\nEn ning\u00fan caso, ser\u00e1 responsable de las posibles infracciones que en materia de propiedad intelectual o industrial pueda cometer cualquier USUARIO del web, que obre de acuerdo con lo aqu\u00ed indicado.<br \/>\n<strong>Enlaces a otros webs.<\/strong><br \/>\nM\u00e1syM\u00e1smadera puede proporcionar el acceso a otros webs de terceros mediante enlaces con la finalidad exclusiva de informar de la existencia de otras fuentes de informaci\u00f3n en Internet.<br \/>\nM\u00e1syM\u00e1smadera no es responsable del contenido de los webs enlazados ni del resultado obtenido por el usuario si accede.<br \/>\nLa \u00fanica responsabilidad de M\u00e1syM\u00e1smadera,\u00a0 es asegurarse que estos enlaces funcionen correctamente.<br \/>\n<strong>Enlaces desde otros webs.<\/strong><br \/>\nLos usuarios y en general cualquier persona f\u00edsica o jur\u00eddica que se proponga establecer un hiperenlace entre sus p\u00e1ginas web y el web de M\u00e1syM\u00e1smadera o cualquiera de sus canales, lo podr\u00e1 hacer sin que se requiera autorizaci\u00f3n previa por escrito por parte de M\u00e1syM\u00e1smadera siempre que se respete la estructura de la parte del web de M\u00e1syM\u00e1s madera donde enlacen.<br \/>\nEstablecer un hiperenlace no implica en ning\u00fan caso la existencia de relaciones entre M\u00e1syM\u00e1smadera y el propietario de la p\u00e1gina web en la que se establezca, ni la aceptaci\u00f3n y aprobaci\u00f3n por parte de M\u00e1syM\u00e1s madera,\u00a0 de sus servicios y contenidos.<\/p>\n","protected":false},"excerpt":{"rendered":"<p>&#8211; AVISO LEGAL\u00a0&#8211; Informaci\u00f3n y contenidos del web. El texto, los gr\u00e1ficos, las fotograf\u00edas, los distintos documentos y programas inform\u00e1ticos del web de M\u00e1s y M\u00e1s madera, en definitiva, su contenido, podr\u00e1 ser modificado o cambiado en cualquier momento sin previo aviso. La web de M\u00e1s y M\u00e1s madera es el medio on-line para la [&hellip;]<\/p>\n","protected":false},"author":5,"featured_media":0,"parent":0,"menu_order":0,"comment_status":"closed","ping_status":"closed","template":"","meta":{"footnotes":""},"class_list":["post-717","page","type-page","status-publish","hentry"],"_links":{"self":[{"href":"https:\/\/www.masymasmadera.es\/index.php?rest_route=\/wp\/v2\/pages\/717","targetHints":{"allow":["GET"]}}],"collection":[{"href":"https:\/\/www.masymasmadera.es\/index.php?rest_route=\/wp\/v2\/pages"}],"about":[{"href":"https:\/\/www.masymasmadera.es\/index.php?rest_route=\/wp\/v2\/types\/page"}],"author":[{"embeddable":true,"href":"https:\/\/www.masymasmadera.es\/index.php?rest_route=\/wp\/v2\/users\/5"}],"replies":[{"embeddable":true,"href":"https:\/\/www.masymasmadera.es\/index.php?rest_route=%2Fwp%2Fv2%2Fcomments&post=717"}],"version-history":[{"count":3,"href":"https:\/\/www.masymasmadera.es\/index.php?rest_route=\/wp\/v2\/pages\/717\/revisions"}],"predecessor-version":[{"id":814,"href":"https:\/\/www.masymasmadera.es\/index.php?rest_route=\/wp\/v2\/pages\/717\/revisions\/814"}],"wp:attachment":[{"href":"https:\/\/www.masymasmadera.es\/index.php?rest_route=%2Fwp%2Fv2%2Fmedia&parent=717"}],"curies":[{"name":"wp","href":"https:\/\/api.w.org\/{rel}","templated":true}]}}