{"id":721,"date":"2016-05-03T11:08:19","date_gmt":"2016-05-03T11:08:19","guid":{"rendered":"https:\/\/www.masymasmadera.es\/?page_id=721"},"modified":"2016-05-03T11:08:19","modified_gmt":"2016-05-03T11:08:19","slug":"politica-de-privacidad","status":"publish","type":"page","link":"https:\/\/www.masymasmadera.es\/?page_id=721","title":{"rendered":"Pol\u00edtica de privacidad"},"content":{"rendered":"<p style=\"text-align: center;\"><strong><em>&#8211; POL\u00cdTICA\u00a0DE PRIVACIDAD &#8211;<\/em><\/strong><\/p>\n<p>En cumplimiento de lo establecido en el art\u00edculo 5 de la Ley Org\u00e1nica 15\/1999, de 13 de diciembre, de Protecci\u00f3n de Datos de Car\u00e1cter Personal (en adelante, \u00abLOPD\u00bb), \u00abMAS Y MAS MADERA\u00bb le informa que los datos de car\u00e1cter personal que nos proporcione a trav\u00e9s de nuestra p\u00e1gina web, as\u00ed como los datos a los que \u00abMAS Y MAS MADERA\u00bb acceda como consecuencia de su navegaci\u00f3n, consulta, o solicitud realizada a trav\u00e9s de la p\u00e1ginaweb de \u00abMAS Y MAS MADERA\u00bb, ser\u00e1n recogidos en ficheros cuyo responsable es \u00abMAS Y MAS MADERA\u00bb<\/p>\n<p>Usted podr\u00e1 ejercer sus derechos de acceso, rectificaci\u00f3n, cancelaci\u00f3n y oposici\u00f3n al tratamiento de sus datos personales, en los t\u00e9rminos y condiciones previstos en la propia LOPD en el domicilio de la sociedad, c\/ Jos\u00e9 Andreu Alabarta, 35 D, 46014 VALENCIA<\/p>\n<p>Para su mayor comodidad, \u00abMAS Y MAS MADERA\u00bb le ofrece la posibilidad de ejercer los derechos antes referidos mediante la siguiente direcci\u00f3n de correo electr\u00f3nico: info@masymasmadera.es<\/p>\n<p>Rogamos nos comunique de forma inmediata a \u00abMAS Y MAS MADERA\u00bb cualquier modificaci\u00f3n de sus datos de forma que la informaci\u00f3n recogida dentro de los ficheros de \u00abMAS Y MAS MADERA\u00bb est\u00e9 en todo momento actualizada y no contenga errores. Asimismo, con la aceptaci\u00f3n del presente Aviso Legal, Usted reconoce que la informaci\u00f3n y los datos facilitados a \u00abMAS Y MAS MADERA\u00bb son exactos y veraces.<br \/>\nLa no cumplimentaci\u00f3n o la cumplimentaci\u00f3n parcial de los datos de car\u00e1cter personal solicitados en cualquier formulario electr\u00f3nico podr\u00edan suponer que \u00abMAS Y MAS MADERA\u00bb no pudiera atender su solicitud.<br \/>\nLos datos de car\u00e1cter personal que Usted proporcione a \u00abMAS Y MAS MADERA\u00bb se tratar\u00e1n con la finalidad de prestarle los servicios que Usted pudiera solicitar, en particular, los servicios prestados a trav\u00e9s de la presente p\u00e1gina web de \u00abMAS Y MAS MADERA\u00bb, \u00a0relativos a todo tipo de juguetes, art\u00edculos para el deporte\u00a0 y juegos que se comercializan as\u00ed como informarle sobre productos y servicios, y, en general informaci\u00f3n de car\u00e1cter comercial que pudieran resultar de su inter\u00e9s.<br \/>\n\u00abMAS Y MAS MADERA\u00bb le informa de que tiene implantadas las medidas de seguridad de \u00edndole t\u00e9cnica y organizativas necesarias que garanticen la seguridad de sus datos de car\u00e1cter personal y eviten su alteraci\u00f3n, p\u00e9rdida, tratamiento y\/o acceso no autorizado, habida cuenta del estado de la tecnolog\u00eda, la naturaleza de los datos almacenados y los riesgos a que est\u00e1n expuestos, ya provengan de la acci\u00f3n humana o del medio f\u00edsico o natural. Todo ello de conformidad con lo previsto en el art\u00edculo 9 LOPD y en el Real Decreto 994\/1999, de 11 de junio, por el que se aprueba el Reglamento de medidas de seguridad de los ficheros automatizados que contengan datos de car\u00e1cter personal.<\/p>\n","protected":false},"excerpt":{"rendered":"<p>&#8211; POL\u00cdTICA\u00a0DE PRIVACIDAD &#8211; En cumplimiento de lo establecido en el art\u00edculo 5 de la Ley Org\u00e1nica 15\/1999, de 13 de diciembre, de Protecci\u00f3n de Datos de Car\u00e1cter Personal (en adelante, \u00abLOPD\u00bb), \u00abMAS Y MAS MADERA\u00bb le informa que los datos de car\u00e1cter personal que nos proporcione a trav\u00e9s de nuestra p\u00e1gina web, as\u00ed como [&hellip;]<\/p>\n","protected":false},"author":5,"featured_media":0,"parent":0,"menu_order":0,"comment_status":"closed","ping_status":"closed","template":"","meta":{"footnotes":""},"class_list":["post-721","page","type-page","status-publish","hentry"],"_links":{"self":[{"href":"https:\/\/www.masymasmadera.es\/index.php?rest_route=\/wp\/v2\/pages\/721","targetHints":{"allow":["GET"]}}],"collection":[{"href":"https:\/\/www.masymasmadera.es\/index.php?rest_route=\/wp\/v2\/pages"}],"about":[{"href":"https:\/\/www.masymasmadera.es\/index.php?rest_route=\/wp\/v2\/types\/page"}],"author":[{"embeddable":true,"href":"https:\/\/www.masymasmadera.es\/index.php?rest_route=\/wp\/v2\/users\/5"}],"replies":[{"embeddable":true,"href":"https:\/\/www.masymasmadera.es\/index.php?rest_route=%2Fwp%2Fv2%2Fcomments&post=721"}],"version-history":[{"count":1,"href":"https:\/\/www.masymasmadera.es\/index.php?rest_route=\/wp\/v2\/pages\/721\/revisions"}],"predecessor-version":[{"id":722,"href":"https:\/\/www.masymasmadera.es\/index.php?rest_route=\/wp\/v2\/pages\/721\/revisions\/722"}],"wp:attachment":[{"href":"https:\/\/www.masymasmadera.es\/index.php?rest_route=%2Fwp%2Fv2%2Fmedia&parent=721"}],"curies":[{"name":"wp","href":"https:\/\/api.w.org\/{rel}","templated":true}]}}